{"id":325,"date":"2025-05-14T21:45:35","date_gmt":"2025-05-14T21:45:35","guid":{"rendered":"https:\/\/pmccar.pt\/?page_id=325"},"modified":"2025-11-27T14:59:35","modified_gmt":"2025-11-27T14:59:35","slug":"informacoes-uteis","status":"publish","type":"page","link":"https:\/\/pmccar.pt\/index.php\/informacoes-uteis\/","title":{"rendered":"Informa\u00e7\u00f5es \u00dateis"},"content":{"rendered":"\t\t<div data-elementor-type=\"wp-page\" data-elementor-id=\"325\" class=\"elementor elementor-325\">\n\t\t\t\t<div class=\"elementor-element elementor-element-0363eeb e-con-full e-flex e-con e-parent\" data-id=\"0363eeb\" data-element_type=\"container\" data-settings=\"{&quot;background_background&quot;:&quot;classic&quot;}\">\n\t\t\t\t<div class=\"elementor-element elementor-element-6ec2606 elementor-widget elementor-widget-text-editor\" data-id=\"6ec2606\" data-element_type=\"widget\" data-widget_type=\"text-editor.default\">\n\t\t\t\t<div class=\"elementor-widget-container\">\n\t\t\t\t\t\t\t\t\t<p dir=\"ltr\" style=\"line-height: 1.38; margin-top: 0pt; margin-bottom: 0pt;\">\n<\/p><p dir=\"ltr\" style=\"line-height: 1.38; margin-top: 0pt; margin-bottom: 0pt;\"><span style=\"font-size: 11pt; font-family: Arial, sans-serif; color: #ffffff; background-color: transparent; font-style: normal; font-variant: normal; text-decoration: none; vertical-align: baseline; white-space: pre-wrap;\"><b>                                                               Informa\u00e7\u00e3o relativa \u00e0 atividade de Intermedi\u00e1rio de Cr\u00e9dito&nbsp;<\/b><\/span><\/p>\n<p><span style=\"color: #ffffff;\"><b style=\"font-weight: normal;\">&nbsp;<\/b><\/span><\/p>\n<p dir=\"ltr\" style=\"line-height: 1.38; margin-top: 0pt; margin-bottom: 0pt;\"><span style=\"font-size: 11pt; font-family: Arial, sans-serif; color: #ffffff; background-color: transparent; font-style: normal; font-variant: normal; text-decoration: none; vertical-align: baseline; white-space: pre-wrap;\"><b>Denomina\u00e7\u00e3o social:&nbsp;<\/b><\/span><\/p>\n<p dir=\"ltr\" style=\"line-height: 1.38; margin-top: 0pt; margin-bottom: 0pt;\"><span style=\"font-size: 11pt; font-family: Arial, sans-serif; color: #ffffff; background-color: transparent; font-weight: 400; font-style: normal; font-variant: normal; text-decoration: none; vertical-align: baseline; white-space: pre-wrap;\">Transportes Plan\u00edcie Verde LDA&nbsp;<\/span><\/p>\n<p><span style=\"color: #ffffff;\"><b style=\"font-weight: normal;\">&nbsp;<\/b><\/span><\/p>\n<p dir=\"ltr\" style=\"line-height: 1.38; margin-top: 0pt; margin-bottom: 0pt;\"><span style=\"font-size: 11pt; font-family: Arial, sans-serif; color: #ffffff; background-color: transparent; font-style: normal; font-variant: normal; text-decoration: none; vertical-align: baseline; white-space: pre-wrap;\"><b>Domicilio profissional \/ Sede Social:&nbsp;<\/b><\/span><\/p>\n<p dir=\"ltr\" style=\"line-height: 1.38; margin-top: 0pt; margin-bottom: 0pt;\"><span style=\"font-size: 11pt; font-family: Arial, sans-serif; color: #ffffff; background-color: transparent; font-weight: 400; font-style: normal; font-variant: normal; text-decoration: none; vertical-align: baseline; white-space: pre-wrap;\">Estrada Nacional, 259 Lt1 7900-234 &#8211; Figueira dos Cavaleiros&nbsp;<\/span><\/p>\n<p><span style=\"color: #ffffff;\"><b style=\"font-weight: normal;\">&nbsp;<\/b><\/span><\/p>\n<p dir=\"ltr\" style=\"line-height: 1.38; margin-top: 0pt; margin-bottom: 0pt;\"><span style=\"font-size: 11pt; font-family: Arial, sans-serif; color: #ffffff; background-color: transparent; font-style: normal; font-variant: normal; text-decoration: none; vertical-align: baseline; white-space: pre-wrap;\"><b>N\u00ba de contribuinte Fiscal (NIF\/NIPC):&nbsp;<\/b><\/span><\/p>\n<p dir=\"ltr\" style=\"line-height: 1.38; margin-top: 0pt; margin-bottom: 0pt;\"><span style=\"font-size: 11pt; font-family: Arial, sans-serif; color: #ffffff; background-color: transparent; font-weight: 400; font-style: normal; font-variant: normal; text-decoration: none; vertical-align: baseline; white-space: pre-wrap;\">507089006<\/span><\/p>\n<p><span style=\"color: #ffffff;\"><b style=\"font-weight: normal;\">&nbsp;<\/b><\/span><\/p>\n<p dir=\"ltr\" style=\"line-height: 1.38; margin-top: 0pt; margin-bottom: 0pt;\"><span style=\"font-size: 11pt; font-family: Arial, sans-serif; color: #ffffff; background-color: transparent; font-style: normal; font-variant: normal; text-decoration: none; vertical-align: baseline; white-space: pre-wrap;\"><b>&nbsp;Contactos:<\/b><\/span><\/p>\n<p dir=\"ltr\" style=\"line-height: 1.38; margin-top: 0pt; margin-bottom: 0pt;\"><span style=\"font-size: 11pt; font-family: Arial, sans-serif; color: #ffffff; background-color: transparent; font-weight: 400; font-style: normal; font-variant: normal; text-decoration: none; vertical-align: baseline; white-space: pre-wrap;\">&nbsp;964978892<\/span><\/p>\n<p><span style=\"color: #ffffff;\"><b style=\"font-weight: normal;\">&nbsp;<\/b><\/span><\/p>\n<p dir=\"ltr\" style=\"line-height: 1.38; margin-top: 0pt; margin-bottom: 0pt;\"><span style=\"color: #ffffff;\"><span style=\"font-size: 11pt; font-family: Arial, sans-serif; background-color: transparent; font-style: normal; font-variant: normal; text-decoration: none; vertical-align: baseline; white-space: pre-wrap;\"><b>Email: <\/b><\/span><span style=\"font-size: 11pt; font-family: Arial, sans-serif; background-color: transparent; font-weight: 400; font-style: normal; font-variant: normal; text-decoration: none; vertical-align: baseline; white-space: pre-wrap;\">mapn.64@gmail.com&nbsp;<\/span><\/span><\/p>\n<p><span style=\"color: #ffffff;\"><b style=\"font-weight: normal;\">&nbsp;<\/b><\/span><\/p>\n<p dir=\"ltr\" style=\"line-height: 1.38; margin-top: 0pt; margin-bottom: 0pt;\"><span style=\"font-size: 11pt; font-family: Arial, sans-serif; color: #ffffff; background-color: transparent; font-style: normal; font-variant: normal; text-decoration: none; vertical-align: baseline; white-space: pre-wrap;\"><b>N\u00ba de registo no Banco de Portugal:&nbsp;<\/b><\/span><\/p>\n<p dir=\"ltr\" style=\"line-height: 1.38; margin-top: 0pt; margin-bottom: 0pt;\"><span style=\"font-size: 11pt; font-family: Arial, sans-serif; color: #ffffff; background-color: transparent; font-weight: 400; font-style: normal; font-variant: normal; text-decoration: none; vertical-align: baseline; white-space: pre-wrap;\">0004499&nbsp;<\/span><\/p>\n<p><span style=\"color: #ffffff;\"><b style=\"font-weight: normal;\">&nbsp;<\/b><\/span><\/p>\n<p dir=\"ltr\" style=\"line-height: 1.38; margin-top: 0pt; margin-bottom: 0pt;\"><span style=\"font-size: 11pt; font-family: Arial, sans-serif; color: #ffffff; background-color: transparent; font-style: normal; font-variant: normal; text-decoration: none; vertical-align: baseline; white-space: pre-wrap;\"><b>Categoria de intermedi\u00e1rio de Portugal:<\/b><\/span><\/p>\n<p dir=\"ltr\" style=\"line-height: 1.38; margin-top: 0pt; margin-bottom: 0pt;\"><span style=\"font-size: 11pt; font-family: Arial, sans-serif; color: #ffffff; background-color: transparent; font-weight: 400; font-style: normal; font-variant: normal; text-decoration: none; vertical-align: baseline; white-space: pre-wrap;\">&nbsp;TITULO ACESS\u00d3RIO&nbsp;<\/span><\/p>\n<p><span style=\"color: #ffffff;\"><b style=\"font-weight: normal;\">&nbsp;<\/b><\/span><\/p>\n<p dir=\"ltr\" style=\"line-height: 1.38; margin-top: 0pt; margin-bottom: 0pt;\"><span style=\"font-size: 11pt; font-family: Arial, sans-serif; color: #ffffff; background-color: transparent; font-style: normal; font-variant: normal; text-decoration: none; vertical-align: baseline; white-space: pre-wrap;\"><b>Identidade dos mutuantes com quem mant\u00eam contrato de vincula\u00e7\u00e3o:&nbsp;<\/b><\/span><\/p>\n<p dir=\"ltr\" style=\"line-height: 1.38; margin-top: 0pt; margin-bottom: 0pt;\"><span style=\"font-size: 11pt; font-family: Arial, sans-serif; color: #ffffff; background-color: transparent; font-weight: 400; font-style: normal; font-variant: normal; text-decoration: none; vertical-align: baseline; white-space: pre-wrap;\">BANCO PRIMUS S.A COFIDIS<\/span><\/p>\n<p><span style=\"color: #ffffff;\"><b style=\"font-weight: normal;\">&nbsp;<\/b><\/span><\/p>\n<p dir=\"ltr\" style=\"line-height: 1.38; margin-top: 0pt; margin-bottom: 0pt;\"><span style=\"font-size: 11pt; font-family: Arial, sans-serif; color: #ffffff; background-color: transparent; font-style: normal; font-variant: normal; text-decoration: none; vertical-align: baseline; white-space: pre-wrap;\"><b>Servi\u00e7os de intermedia\u00e7\u00e3o de cr\u00e9dito para os quais estejam autorizados:<\/b><\/span><\/p>\n<p dir=\"ltr\" style=\"line-height: 1.38; margin-top: 0pt; margin-bottom: 0pt;\"><span style=\"font-size: 11pt; font-family: Arial, sans-serif; color: #ffffff; background-color: transparent; font-weight: 400; font-style: normal; font-variant: normal; text-decoration: none; vertical-align: baseline; white-space: pre-wrap;\">&nbsp;&#8211; Apresenta\u00e7\u00e3o ou proposta de contratos de cr\u00e9dito a consumidores<\/span><\/p>\n<p dir=\"ltr\" style=\"line-height: 1.38; margin-top: 0pt; margin-bottom: 0pt;\"><span style=\"font-size: 11pt; font-family: Arial, sans-serif; color: #ffffff; background-color: transparent; font-weight: 400; font-style: normal; font-variant: normal; text-decoration: none; vertical-align: baseline; white-space: pre-wrap;\">&nbsp;&#8211; Assist\u00eancia a consumidores, mediante a realiza\u00e7\u00e3o de atos preparat\u00f3rios ou de outros trabalhos de gest\u00e3o pr\u00e9-contratual relativamente a contratos de cr\u00e9dito que n\u00e3o tenham sido por si apresentados ou propostos&nbsp;<\/span><\/p>\n<p dir=\"ltr\" style=\"line-height: 1.38; margin-top: 0pt; margin-bottom: 0pt;\"><span style=\"font-size: 11pt; font-family: Arial, sans-serif; color: #ffffff; background-color: transparent; font-weight: 400; font-style: normal; font-variant: normal; text-decoration: none; vertical-align: baseline; white-space: pre-wrap;\">&nbsp;<\/span><\/p>\n<p><span style=\"color: #ffffff;\"><b style=\"font-weight: normal;\">&nbsp;<\/b><\/span><\/p>\n<p dir=\"ltr\" style=\"line-height: 1.38; margin-top: 0pt; margin-bottom: 0pt;\"><span style=\"font-size: 11pt; font-family: Arial, sans-serif; color: #ffffff; background-color: transparent; font-style: normal; font-variant: normal; text-decoration: none; vertical-align: baseline; white-space: pre-wrap;\"><b>Identifica\u00e7\u00e3o da entidade mutuante que garante a responsabilidade civil:<\/b><\/span><\/p>\n<p dir=\"ltr\" style=\"line-height: 1.38; margin-top: 0pt; margin-bottom: 0pt;\"><span style=\"font-size: 11pt; font-family: Arial, sans-serif; color: #ffffff; background-color: transparent; font-weight: 400; font-style: normal; font-variant: normal; text-decoration: none; vertical-align: baseline; white-space: pre-wrap;\">&nbsp;&#8211; em caso de subscri\u00e7\u00e3o de seguro de responsabilidade civil:&nbsp;<\/span><\/p>\n<p dir=\"ltr\" style=\"line-height: 1.38; margin-top: 0pt; margin-bottom: 0pt;\"><span style=\"font-size: 11pt; font-family: Arial, sans-serif; color: #ffffff; background-color: transparent; font-weight: 400; font-style: normal; font-variant: normal; text-decoration: none; vertical-align: baseline; white-space: pre-wrap;\">FIDELIDADE&nbsp;<\/span><\/p>\n<p><span style=\"color: #ffffff;\"><b style=\"font-weight: normal;\">&nbsp;<\/b><\/span><\/p>\n<p dir=\"ltr\" style=\"line-height: 1.38; margin-top: 0pt; margin-bottom: 0pt;\"><span style=\"font-size: 11pt; font-family: Arial, sans-serif; color: #ffffff; background-color: transparent; font-style: normal; font-variant: normal; text-decoration: none; vertical-align: baseline; white-space: pre-wrap;\"><b>N\u00ba da ap\u00f3lice:<\/b><\/span><\/p>\n<p dir=\"ltr\" style=\"line-height: 1.38; margin-top: 0pt; margin-bottom: 0pt;\"><span style=\"font-size: 11pt; font-family: Arial, sans-serif; color: #ffffff; background-color: transparent; font-weight: 400; font-style: normal; font-variant: normal; text-decoration: none; vertical-align: baseline; white-space: pre-wrap;\">RC64055865&nbsp;<\/span><\/p>\n<p><span style=\"color: #ffffff;\"><b style=\"font-weight: normal;\">&nbsp;<\/b><\/span><\/p>\n<p dir=\"ltr\" style=\"line-height: 1.38; margin-top: 0pt; margin-bottom: 0pt;\"><span style=\"font-size: 11pt; font-family: Arial, sans-serif; color: #ffffff; background-color: transparent; font-style: normal; font-variant: normal; text-decoration: none; vertical-align: baseline; white-space: pre-wrap;\"><b>Validade da AP\u00d3LICE:&nbsp;<\/b><\/span><\/p>\n<p dir=\"ltr\" style=\"line-height: 1.38; margin-top: 0pt; margin-bottom: 0pt;\"><span style=\"font-size: 11pt; font-family: Arial, sans-serif; color: #ffffff; background-color: transparent; font-weight: 400; font-style: normal; font-variant: normal; text-decoration: none; vertical-align: baseline; white-space: pre-wrap;\">De 26\/10\/2025 at\u00e9 26\/10\/2026&nbsp;<\/span><\/p>\n<p><span style=\"color: #ffffff;\"><b style=\"font-weight: normal;\">&nbsp;<\/b><\/span><\/p>\n<p dir=\"ltr\" style=\"line-height: 1.38; margin-top: 0pt; margin-bottom: 0pt;\"><span style=\"font-size: 11pt; font-family: Arial, sans-serif; color: #ffffff; background-color: transparent; font-style: normal; font-variant: normal; text-decoration: none; vertical-align: baseline; white-space: pre-wrap;\"><b>Valor responsabilidade civil:&nbsp;<\/b><\/span><\/p>\n<p dir=\"ltr\" style=\"line-height: 1.38; margin-top: 0pt; margin-bottom: 0pt;\"><span style=\"font-size: 11pt; font-family: Arial, sans-serif; color: #ffffff; background-color: transparent; font-weight: 400; font-style: normal; font-variant: normal; text-decoration: none; vertical-align: baseline; white-space: pre-wrap;\">500.000.00<\/span><\/p>\n<p dir=\"ltr\" style=\"line-height: 1.38; margin-top: 0pt; margin-bottom: 0pt;\"><span style=\"font-size: 11pt; font-family: Arial, sans-serif; color: #ffffff; background-color: transparent; font-weight: 400; font-style: normal; font-variant: normal; text-decoration: none; vertical-align: baseline; white-space: pre-wrap;\">&nbsp;<\/span><\/p>\n<p dir=\"ltr\" style=\"line-height: 1.38; margin-top: 0pt; margin-bottom: 0pt;\"><span style=\"font-size: 11pt; font-family: Arial, sans-serif; color: #ffffff; background-color: transparent; font-style: normal; font-variant: normal; text-decoration: none; vertical-align: baseline; white-space: pre-wrap;\"><b>Procedimentos para apresenta\u00e7\u00e3o de reclama\u00e7\u00f5es junto do Intermedi\u00e1rio:&nbsp;<\/b><\/span><\/p>\n<p dir=\"ltr\" style=\"line-height: 1.38; margin-top: 0pt; margin-bottom: 0pt;\"><span style=\"font-size: 11pt; font-family: Arial, sans-serif; color: #ffffff; background-color: transparent; font-weight: 400; font-style: normal; font-variant: normal; text-decoration: none; vertical-align: baseline; white-space: pre-wrap;\">Atrav\u00e9s do Livro de reclama\u00e7\u00f5es fis\u00edco e eletr\u00f3nico (www.livroreclamacoes.pt) disponiveis.&nbsp;<\/span><\/p>\n<p><span style=\"color: #ffffff;\"><b style=\"font-weight: normal;\">&nbsp;<\/b><\/span><\/p>\n<p dir=\"ltr\" style=\"line-height: 1.38; margin-top: 0pt; margin-bottom: 0pt;\"><span style=\"font-size: 11pt; font-family: Arial, sans-serif; color: #ffffff; background-color: transparent; font-style: normal; font-variant: normal; text-decoration: none; vertical-align: baseline; white-space: pre-wrap;\"><b>Meios ao dispor para apresenta\u00e7\u00e3o de reclama\u00e7\u00f5es junto do Banco de Portugal:<\/b><\/span><\/p>\n<p dir=\"ltr\" style=\"line-height: 1.38; margin-top: 0pt; margin-bottom: 0pt;\"><span style=\"font-size: 11pt; font-family: Arial, sans-serif; color: #ffffff; background-color: transparent; font-weight: 400; font-style: normal; font-variant: normal; text-decoration: none; vertical-align: baseline; white-space: pre-wrap;\">&nbsp;Livro de Reclama\u00e7\u00f5es para a atividade de Intermedi\u00e1rio de Cr\u00e9dito<\/span><\/p>\n<p><span style=\"color: #ffffff;\"><b style=\"font-weight: normal;\">&nbsp;<\/b><span style=\"background-color: transparent; font-family: Arial, sans-serif; font-size: 11pt; white-space-collapse: preserve;\">O cliente pode apresentar uma reclama\u00e7\u00e3o junto da autoridade de supervis\u00e3o, o Banco de Portugal, atrav\u00e9s de carta ou diretamente no site do Banco de Portugal (www.bportugal.pt) atrav\u00e9s do formul\u00e1rio disponivel para o efeito.&nbsp;<\/span><\/span><\/p>\n<p><span style=\"color: #ffffff;\"><b style=\"font-weight: normal;\">&nbsp;<\/b><\/span><\/p>\n<p dir=\"ltr\" style=\"line-height: 1.38; margin-top: 0pt; margin-bottom: 0pt;\"><span style=\"font-size: 11pt; font-family: Arial, sans-serif; color: #ffffff; background-color: transparent; font-style: normal; font-variant: normal; text-decoration: none; vertical-align: baseline; white-space: pre-wrap;\"><b>Empresa aderente \u00e0s entidades de resolu\u00e7\u00e3o alternativa de lit\u00edgios:<\/b><\/span><\/p>\n<p dir=\"ltr\" style=\"line-height: 1.38; margin-top: 0pt; margin-bottom: 0pt;\"><span style=\"font-size: 11pt; font-family: Arial, sans-serif; color: #ffffff; background-color: transparent; font-weight: 400; font-style: normal; font-variant: normal; text-decoration: none; vertical-align: baseline; white-space: pre-wrap;\">CNIACC &#8211; Centro Nacional de Informa\u00e7\u00e3o e arbitragem de conflitos de Consumo (www.cniacc.pt), Campus de Campolide, 1099-032 Lisboa, www.arbitragemdeconsumo.org Tel: 213847484&nbsp;<\/span><\/p>\n<p dir=\"ltr\" style=\"line-height: 1.38; margin-top: 0pt; margin-bottom: 0pt;\"><span style=\"font-size: 11pt; font-family: Arial, sans-serif; color: #ffffff; background-color: transparent; font-weight: 400; font-style: normal; font-variant: normal; text-decoration: none; vertical-align: baseline; white-space: pre-wrap;\">&nbsp;<\/span><\/p>\n<p><span style=\"background-color: transparent; font-family: Arial, sans-serif; font-size: 11pt; white-space-collapse: preserve; color: #ffffff;\"><b>CASA-<\/b> Centro de Arbitragem do Sector Autom\u00f3vel (www.arbitragemauto.pt), Av. da republica n\u00ba44 3\u00ba esq. 1050-194 Lisboa, telefone 217951696<\/span><\/p>\n<p dir=\"ltr\" style=\"line-height: 1.38; margin-top: 0pt; margin-bottom: 0pt;\"><span style=\"font-size: 11pt; font-family: Arial, sans-serif; color: #ffffff; background-color: transparent; font-style: normal; font-variant: normal; text-decoration: none; vertical-align: baseline; white-space: pre-wrap;\"><b>\u00c9 expressamente proibida a rece\u00e7\u00e3o de valores por parte do Intermedi\u00e1rio de cr\u00e9dito, nos termos do Decreto-Lei n\u00ba 81-C\/2017<\/b><\/span><\/p>\n<p dir=\"ltr\" style=\"line-height: 1.38; margin-top: 0pt; margin-bottom: 0pt;\"><span style=\"font-size: 11pt; font-family: Arial, sans-serif; color: #ffffff; background-color: transparent; font-style: normal; font-variant: normal; text-decoration: none; vertical-align: baseline; white-space: pre-wrap;\"><b>&nbsp;<\/b><\/span><\/p>\n<p dir=\"ltr\" style=\"line-height: 1.38; margin-top: 0pt; margin-bottom: 0pt;\"><span style=\"font-size: 11pt; font-family: Arial, sans-serif; color: #ffffff; background-color: transparent; font-style: normal; font-variant: normal; text-decoration: none; vertical-align: baseline; white-space: pre-wrap;\"><b><span style=\"background-color: transparent; font-size: 11pt;\">Intermedi\u00e1rio de Cr\u00e9dito sujeito \u00e0 supervis\u00e3o do Banco de Portugal.<\/span>&nbsp;<\/b><\/span><\/p>\n<p dir=\"ltr\" style=\"line-height: 1.38; margin-top: 0pt; margin-bottom: 0pt;\"><span style=\"font-size: 11pt; font-family: Arial, sans-serif; color: #ffffff; background-color: transparent; font-style: normal; font-variant: normal; text-decoration: none; vertical-align: baseline; white-space: pre-wrap;\"><b>&nbsp;<\/b><\/span><\/p>\n<p><br><\/p>\t\t\t\t\t\t\t\t<\/div>\n\t\t\t\t<\/div>\n\t\t\t\t<\/div>\n\t\t\t\t<\/div>\n\t\t","protected":false},"excerpt":{"rendered":"<p>Informa\u00e7\u00e3o relativa \u00e0 atividade de Intermedi\u00e1rio de Cr\u00e9dito&nbsp; &nbsp; Denomina\u00e7\u00e3o social:&nbsp; Transportes Plan\u00edcie Verde LDA&nbsp; [&hellip;]<\/p>\n","protected":false},"author":1,"featured_media":0,"parent":0,"menu_order":0,"comment_status":"closed","ping_status":"closed","template":"","meta":{"_regular_price":[],"currency_symbol":[],"footnotes":""},"class_list":["post-325","page","type-page","status-publish","hentry"],"post_slider_layout_featured_media_urls":{"thumbnail":"","post_slider_layout_landscape_large":"","post_slider_layout_portrait_large":"","post_slider_layout_square_large":"","post_slider_layout_landscape":"","post_slider_layout_portrait":"","post_slider_layout_square":"","full":""},"_links":{"self":[{"href":"https:\/\/pmccar.pt\/index.php\/wp-json\/wp\/v2\/pages\/325"}],"collection":[{"href":"https:\/\/pmccar.pt\/index.php\/wp-json\/wp\/v2\/pages"}],"about":[{"href":"https:\/\/pmccar.pt\/index.php\/wp-json\/wp\/v2\/types\/page"}],"author":[{"embeddable":true,"href":"https:\/\/pmccar.pt\/index.php\/wp-json\/wp\/v2\/users\/1"}],"replies":[{"embeddable":true,"href":"https:\/\/pmccar.pt\/index.php\/wp-json\/wp\/v2\/comments?post=325"}],"version-history":[{"count":21,"href":"https:\/\/pmccar.pt\/index.php\/wp-json\/wp\/v2\/pages\/325\/revisions"}],"predecessor-version":[{"id":1509,"href":"https:\/\/pmccar.pt\/index.php\/wp-json\/wp\/v2\/pages\/325\/revisions\/1509"}],"wp:attachment":[{"href":"https:\/\/pmccar.pt\/index.php\/wp-json\/wp\/v2\/media?parent=325"}],"curies":[{"name":"wp","href":"https:\/\/api.w.org\/{rel}","templated":true}]}}